{"id":4427,"date":"2023-01-12T14:05:50","date_gmt":"2023-01-12T14:05:50","guid":{"rendered":"https:\/\/elminzahhotel.ma\/?page_id=4427"},"modified":"2023-04-27T20:25:35","modified_gmt":"2023-04-27T20:25:35","slug":"hotel-fitness","status":"publish","type":"page","link":"https:\/\/elminzahhotel.ma\/fr\/hotel-fitness\/","title":{"rendered":"Fitness"},"content":{"rendered":"<div data-elementor-type=\"wp-page\" data-elementor-id=\"4427\" class=\"elementor elementor-4427\">\n\t\t\t\t\t\t\t\t\t<section data-particle_enable=\"false\" data-particle-mobile-disabled=\"false\" class=\"elementor-section elementor-top-section elementor-element elementor-element-d8391de elementor-section-boxed elementor-section-height-default elementor-section-height-default\" data-id=\"d8391de\" data-element_type=\"section\">\n\t\t\t\t\t\t<div class=\"elementor-container elementor-column-gap-default\">\n\t\t\t\t\t<div class=\"elementor-column elementor-col-33 elementor-top-column elementor-element elementor-element-3ec6908\" data-id=\"3ec6908\" data-element_type=\"column\">\n\t\t\t<div class=\"elementor-widget-wrap\">\n\t\t\t\t\t\t\t\t\t<\/div>\n\t\t<\/div>\n\t\t\t\t<div class=\"elementor-column elementor-col-33 elementor-top-column elementor-element elementor-element-72271ff\" data-id=\"72271ff\" data-element_type=\"column\">\n\t\t\t<div class=\"elementor-widget-wrap elementor-element-populated\">\n\t\t\t\t\t\t\t\t<div class=\"elementor-element elementor-element-0e7cf4c elementor-widget elementor-widget-text-editor\" data-id=\"0e7cf4c\" data-element_type=\"widget\" data-widget_type=\"text-editor.default\">\n\t\t\t\t<div class=\"elementor-widget-container\">\n\t\t\t<style>\/*! elementor - v3.7.7 - 20-09-2022 *\/\n.elementor-widget-text-editor.elementor-drop-cap-view-stacked .elementor-drop-cap{background-color:#818a91;color:#fff}.elementor-widget-text-editor.elementor-drop-cap-view-framed .elementor-drop-cap{color:#818a91;border:3px solid;background-color:transparent}.elementor-widget-text-editor:not(.elementor-drop-cap-view-default) .elementor-drop-cap{margin-top:8px}.elementor-widget-text-editor:not(.elementor-drop-cap-view-default) .elementor-drop-cap-letter{width:1em;height:1em}.elementor-widget-text-editor .elementor-drop-cap{float:left;text-align:center;line-height:1;font-size:50px}.elementor-widget-text-editor .elementor-drop-cap-letter{display:inline-block}<\/style>\t\t\t\t<p>Respectez votre programme d'entra\u00eenement dans notre h\u00f4tel avec salle de fitness ou essayez un nouveau sport en vous inscrivant \u00e0 un cours. De nombreux h\u00f4tels travaillent \u00e9galement avec des coachs de renom : l'opportunit\u00e9 de progresser tout en b\u00e9n\u00e9ficiant des conseils sur mesure d'un professionnel exp\u00e9riment\u00e9.<\/p>\t\t\t\t\t\t<\/div>\n\t\t\t\t<\/div>\n\t\t\t\t<div class=\"elementor-element elementor-element-9d239e5 elementor-widget elementor-widget-spacer\" data-id=\"9d239e5\" data-element_type=\"widget\" data-widget_type=\"spacer.default\">\n\t\t\t\t<div class=\"elementor-widget-container\">\n\t\t\t<style>\/*! elementor - v3.7.7 - 20-09-2022 *\/\n.elementor-column .elementor-spacer-inner{height:var(--spacer-size)}.e-container{--container-widget-width:100%}.e-container>.elementor-widget-spacer{width:var(--container-widget-width,var(--spacer-size));-ms-flex-item-align:stretch;align-self:stretch;-ms-flex-negative:0;flex-shrink:0}.e-container>.elementor-widget-spacer>.elementor-widget-container,.e-container>.elementor-widget-spacer>.elementor-widget-container>.elementor-spacer{height:100%}.e-container>.elementor-widget-spacer>.elementor-widget-container>.elementor-spacer>.elementor-spacer-inner{height:var(--container-widget-height,var(--spacer-size))}<\/style>\t\t<div class=\"elementor-spacer\">\n\t\t\t<div class=\"elementor-spacer-inner\"><\/div>\n\t\t<\/div>\n\t\t\t\t<\/div>\n\t\t\t\t<\/div>\n\t\t\t\t\t<\/div>\n\t\t<\/div>\n\t\t\t\t<div class=\"elementor-column elementor-col-33 elementor-top-column elementor-element elementor-element-f59b177\" data-id=\"f59b177\" data-element_type=\"column\">\n\t\t\t<div class=\"elementor-widget-wrap\">\n\t\t\t\t\t\t\t\t\t<\/div>\n\t\t<\/div>\n\t\t\t\t\t\t\t<\/div>\n\t\t<\/section>\n\t\t\t\t<section data-particle_enable=\"false\" data-particle-mobile-disabled=\"false\" class=\"elementor-section elementor-top-section elementor-element elementor-element-9b9cb6d elementor-section-boxed elementor-section-height-default elementor-section-height-default\" data-id=\"9b9cb6d\" data-element_type=\"section\">\n\t\t\t\t\t\t<div class=\"elementor-container elementor-column-gap-default\">\n\t\t\t\t\t<div class=\"elementor-column elementor-col-100 elementor-top-column elementor-element elementor-element-ed45cd7\" data-id=\"ed45cd7\" data-element_type=\"column\">\n\t\t\t<div class=\"elementor-widget-wrap elementor-element-populated\">\n\t\t\t\t\t\t\t\t<div class=\"elementor-element elementor-element-ab43691 elementor-aspect-ratio-169 elementor-widget elementor-widget-video\" data-id=\"ab43691\" data-element_type=\"widget\" data-settings=\"{&quot;video_type&quot;:&quot;hosted&quot;,&quot;autoplay&quot;:&quot;yes&quot;,&quot;mute&quot;:&quot;yes&quot;,&quot;play_on_mobile&quot;:&quot;yes&quot;,&quot;loop&quot;:&quot;yes&quot;,&quot;aspect_ratio&quot;:&quot;169&quot;}\" data-widget_type=\"video.default\">\n\t\t\t\t<div class=\"elementor-widget-container\">\n\t\t\t<style>\/*! elementor - v3.7.7 - 20-09-2022 *\/\n.elementor-widget-video .elementor-widget-container{overflow:hidden;-webkit-transform:translateZ(0);transform:translateZ(0)}.elementor-widget-video .elementor-open-inline .elementor-custom-embed-image-overlay{position:absolute;top:0;left:0;width:100%;height:100%;background-size:cover;background-position:50%}.elementor-widget-video .elementor-custom-embed-image-overlay{cursor:pointer;text-align:center}.elementor-widget-video .elementor-custom-embed-image-overlay:hover .elementor-custom-embed-play i{opacity:1}.elementor-widget-video .elementor-custom-embed-image-overlay img{display:block;width:100%}.elementor-widget-video .e-hosted-video .elementor-video{-o-object-fit:cover;object-fit:cover}.e-container>.elementor-widget-video{width:var(--container-widget-width,100%)}<\/style>\t\t<div class=\"e-hosted-video elementor-wrapper elementor-fit-aspect-ratio elementor-open-inline\">\n\t\t\t\t\t<video class=\"elementor-video\" src=\"https:\/\/elminzahhotel.ma\/wp-content\/uploads\/2023\/02\/fitness-elminzah-new.mp4\" autoplay=\"\" loop=\"\" muted=\"muted\" playsinline=\"\" controlslist=\"nodownload\"><\/video>\n\t\t\t\t<\/div>\n\t\t\t\t<\/div>\n\t\t\t\t<\/div>\n\t\t\t\t\t<\/div>\n\t\t<\/div>\n\t\t\t\t\t\t\t<\/div>\n\t\t<\/section>\n\t\t\t\t<section data-particle_enable=\"false\" data-particle-mobile-disabled=\"false\" class=\"elementor-section elementor-top-section elementor-element elementor-element-4338ab8 elementor-section-boxed elementor-section-height-default elementor-section-height-default\" data-id=\"4338ab8\" data-element_type=\"section\">\n\t\t\t\t\t\t<div class=\"elementor-container elementor-column-gap-default\">\n\t\t\t\t\t<div class=\"elementor-column elementor-col-100 elementor-top-column elementor-element elementor-element-1cc723a\" data-id=\"1cc723a\" data-element_type=\"column\">\n\t\t\t<div class=\"elementor-widget-wrap elementor-element-populated\">\n\t\t\t\t\t\t\t\t<div class=\"elementor-element elementor-element-0d294f4 elementor-widget elementor-widget-thim-gallery\" data-id=\"0d294f4\" data-element_type=\"widget\" data-widget_type=\"thim-gallery.default\">\n\t\t\t\t<div class=\"elementor-widget-container\">\n\t\t\t\t<div class=\"wrapper-filter-controls\">\n\t\t<div class=\"filter-controls\">\n\t\t\t<a class=\"filter active\" data-filter=\"*\" href=\"javascript:;\">All<\/a>\n\t\t\t<a class=\"filter\" href=\"javascript:;\" data-filter=\".filter-gallery-4430\">Fitness<\/a>\t\t<\/div>\n\t<\/div>\n\t<div class=\"wrapper-gallery-filter grid row\" itemscope itemtype=\"http:\/\/schema.org\/ItemList\">\n\t\t<div class=\"item-photo element col-sm-4 filter-gallery-4430\"><div class=\"inner\"><a class=\"fancybox\" data-fancybox-group=\"gallery\" href=\"https:\/\/elminzahhotel.ma\/wp-content\/uploads\/2023\/01\/fitness-center-v6552690.jpg\"><img decoding=\"async\" src=\"https:\/\/elminzahhotel.ma\/wp-content\/uploads\/2023\/01\/fitness-center-v6552690-380x310.jpg\" alt= \"Fitness\" title = \"Fitness\" \/><\/a><\/div><\/div><div class=\"item-photo element col-sm-4 filter-gallery-4430\"><div class=\"inner\"><a class=\"fancybox\" data-fancybox-group=\"gallery\" href=\"https:\/\/elminzahhotel.ma\/wp-content\/uploads\/2023\/01\/fitness-center-v6552706.jpg\"><img decoding=\"async\" src=\"https:\/\/elminzahhotel.ma\/wp-content\/uploads\/2023\/01\/fitness-center-v6552706-380x310.jpg\" alt= \"Fitness\" title = \"Fitness\" \/><\/a><\/div><\/div><div class=\"item-photo element col-sm-4 filter-gallery-4430\"><div class=\"inner\"><a class=\"fancybox\" data-fancybox-group=\"gallery\" href=\"https:\/\/elminzahhotel.ma\/wp-content\/uploads\/2023\/01\/fitness-center-v6552748.jpg\"><img decoding=\"async\" src=\"https:\/\/elminzahhotel.ma\/wp-content\/uploads\/2023\/01\/fitness-center-v6552748-380x310.jpg\" alt= \"Fitness\" title = \"Fitness\" \/><\/a><\/div><\/div><div class=\"item-photo element col-sm-4 filter-gallery-4430\"><div class=\"inner\"><a class=\"fancybox\" data-fancybox-group=\"gallery\" href=\"https:\/\/elminzahhotel.ma\/wp-content\/uploads\/2023\/01\/fitness-center-v6552768.jpg\"><img decoding=\"async\" src=\"https:\/\/elminzahhotel.ma\/wp-content\/uploads\/2023\/01\/fitness-center-v6552768-380x310.jpg\" alt= \"Fitness\" title = \"Fitness\" \/><\/a><\/div><\/div><div class=\"item-photo element col-sm-4 filter-gallery-4430\"><div class=\"inner\"><a class=\"fancybox\" data-fancybox-group=\"gallery\" href=\"https:\/\/elminzahhotel.ma\/wp-content\/uploads\/2023\/01\/fitness-center-v6552903-1.jpg\"><img decoding=\"async\" src=\"https:\/\/elminzahhotel.ma\/wp-content\/uploads\/2023\/01\/fitness-center-v6552903-1-380x310.jpg\" alt= \"Fitness\" title = \"Fitness\" \/><\/a><\/div><\/div><div class=\"item-photo element col-sm-4 filter-gallery-4430\"><div class=\"inner\"><a class=\"fancybox\" data-fancybox-group=\"gallery\" href=\"https:\/\/elminzahhotel.ma\/wp-content\/uploads\/2023\/02\/WhatsApp-Image-2023-02-16-at-14.46.25.jpeg\"><img decoding=\"async\" src=\"https:\/\/elminzahhotel.ma\/wp-content\/uploads\/2023\/02\/WhatsApp-Image-2023-02-16-at-14.46.25-380x310.jpeg\" alt= \"Fitness\" title = \"Fitness\" \/><\/a><\/div><\/div><div class=\"item-photo element col-sm-4 filter-gallery-4430\"><div class=\"inner\"><a class=\"fancybox\" data-fancybox-group=\"gallery\" href=\"https:\/\/elminzahhotel.ma\/wp-content\/uploads\/2023\/02\/WhatsApp-Image-2023-02-16-at-14.46.25-1.jpeg\"><img decoding=\"async\" src=\"https:\/\/elminzahhotel.ma\/wp-content\/uploads\/2023\/02\/WhatsApp-Image-2023-02-16-at-14.46.25-1-380x310.jpeg\" alt= \"Fitness\" title = \"Fitness\" \/><\/a><\/div><\/div><div class=\"item-photo element col-sm-4 filter-gallery-4430\"><div class=\"inner\"><a class=\"fancybox\" data-fancybox-group=\"gallery\" href=\"https:\/\/elminzahhotel.ma\/wp-content\/uploads\/2023\/01\/WhatsApp-Image-2023-02-21-at-16.28.10-6.jpeg\"><img decoding=\"async\" src=\"https:\/\/elminzahhotel.ma\/wp-content\/uploads\/2023\/01\/WhatsApp-Image-2023-02-21-at-16.28.10-6-380x310.jpeg\" alt= \"Fitness\" title = \"Fitness\" \/><\/a><\/div><\/div><div class=\"item-photo element col-sm-4 filter-gallery-4430\"><div class=\"inner\"><a class=\"fancybox\" data-fancybox-group=\"gallery\" href=\"https:\/\/elminzahhotel.ma\/wp-content\/uploads\/2023\/01\/WhatsApp-Image-2023-02-21-at-16.28.10-5.jpeg\"><img decoding=\"async\" src=\"https:\/\/elminzahhotel.ma\/wp-content\/uploads\/2023\/01\/WhatsApp-Image-2023-02-21-at-16.28.10-5-380x310.jpeg\" alt= \"Fitness\" title = \"Fitness\" \/><\/a><\/div><\/div><div class=\"item-photo element col-sm-4 filter-gallery-4430\"><div class=\"inner\"><a class=\"fancybox\" data-fancybox-group=\"gallery\" href=\"https:\/\/elminzahhotel.ma\/wp-content\/uploads\/2023\/01\/WhatsApp-Image-2023-02-21-at-16.28.10-4.jpeg\"><img decoding=\"async\" src=\"https:\/\/elminzahhotel.ma\/wp-content\/uploads\/2023\/01\/WhatsApp-Image-2023-02-21-at-16.28.10-4-380x310.jpeg\" alt= \"Fitness\" title = \"Fitness\" \/><\/a><\/div><\/div><div class=\"item-photo element col-sm-4 filter-gallery-4430\"><div class=\"inner\"><a class=\"fancybox\" data-fancybox-group=\"gallery\" href=\"https:\/\/elminzahhotel.ma\/wp-content\/uploads\/2023\/01\/WhatsApp-Image-2023-02-21-at-16.28.10-3.jpeg\"><img decoding=\"async\" src=\"https:\/\/elminzahhotel.ma\/wp-content\/uploads\/2023\/01\/WhatsApp-Image-2023-02-21-at-16.28.10-3-380x310.jpeg\" alt= \"Fitness\" title = \"Fitness\" \/><\/a><\/div><\/div><div class=\"item-photo element col-sm-4 filter-gallery-4430\"><div class=\"inner\"><a class=\"fancybox\" data-fancybox-group=\"gallery\" href=\"https:\/\/elminzahhotel.ma\/wp-content\/uploads\/2023\/01\/WhatsApp-Image-2023-02-21-at-16.28.10-2.jpeg\"><img decoding=\"async\" src=\"https:\/\/elminzahhotel.ma\/wp-content\/uploads\/2023\/01\/WhatsApp-Image-2023-02-21-at-16.28.10-2-380x310.jpeg\" alt= \"Fitness\" title = \"Fitness\" \/><\/a><\/div><\/div><div class=\"item-photo element col-sm-4 filter-gallery-4430\"><div class=\"inner\"><a class=\"fancybox\" data-fancybox-group=\"gallery\" href=\"https:\/\/elminzahhotel.ma\/wp-content\/uploads\/2023\/01\/WhatsApp-Image-2023-02-21-at-16.28.10-1.jpeg\"><img decoding=\"async\" src=\"https:\/\/elminzahhotel.ma\/wp-content\/uploads\/2023\/01\/WhatsApp-Image-2023-02-21-at-16.28.10-1-380x310.jpeg\" alt= \"Fitness\" title = \"Fitness\" \/><\/a><\/div><\/div><div class=\"item-photo element col-sm-4 filter-gallery-4430\"><div class=\"inner\"><a class=\"fancybox\" data-fancybox-group=\"gallery\" href=\"https:\/\/elminzahhotel.ma\/wp-content\/uploads\/2023\/01\/WhatsApp-Image-2023-02-21-at-16.28.10.jpeg\"><img decoding=\"async\" src=\"https:\/\/elminzahhotel.ma\/wp-content\/uploads\/2023\/01\/WhatsApp-Image-2023-02-21-at-16.28.10-380x310.jpeg\" alt= \"Fitness\" title = \"Fitness\" \/><\/a><\/div><\/div>\t<\/div>\n\t\t<\/div>\n\t\t\t\t<\/div>\n\t\t\t\t\t<\/div>\n\t\t<\/div>\n\t\t\t\t\t\t\t<\/div>\n\t\t<\/section>\n\t\t\t\t\t\t\t<\/div>","protected":false},"excerpt":{"rendered":"<p>El Minzah understand the importance of maintaining a healthy lifestyle. Our fitness center offers cutting-edge equipment to help you reach your fitness goals.<\/p>","protected":false},"author":1,"featured_media":4463,"parent":0,"menu_order":0,"comment_status":"closed","ping_status":"closed","template":"","meta":{"footnotes":""},"class_list":["post-4427","page","type-page","status-publish","has-post-thumbnail","hentry"],"_links":{"self":[{"href":"https:\/\/elminzahhotel.ma\/fr\/wp-json\/wp\/v2\/pages\/4427","targetHints":{"allow":["GET"]}}],"collection":[{"href":"https:\/\/elminzahhotel.ma\/fr\/wp-json\/wp\/v2\/pages"}],"about":[{"href":"https:\/\/elminzahhotel.ma\/fr\/wp-json\/wp\/v2\/types\/page"}],"author":[{"embeddable":true,"href":"https:\/\/elminzahhotel.ma\/fr\/wp-json\/wp\/v2\/users\/1"}],"replies":[{"embeddable":true,"href":"https:\/\/elminzahhotel.ma\/fr\/wp-json\/wp\/v2\/comments?post=4427"}],"version-history":[{"count":37,"href":"https:\/\/elminzahhotel.ma\/fr\/wp-json\/wp\/v2\/pages\/4427\/revisions"}],"predecessor-version":[{"id":5553,"href":"https:\/\/elminzahhotel.ma\/fr\/wp-json\/wp\/v2\/pages\/4427\/revisions\/5553"}],"wp:featuredmedia":[{"embeddable":true,"href":"https:\/\/elminzahhotel.ma\/fr\/wp-json\/wp\/v2\/media\/4463"}],"wp:attachment":[{"href":"https:\/\/elminzahhotel.ma\/fr\/wp-json\/wp\/v2\/media?parent=4427"}],"curies":[{"name":"wp","href":"https:\/\/api.w.org\/{rel}","templated":true}]}}