{"id":4597,"date":"2023-01-13T09:57:20","date_gmt":"2023-01-13T09:57:20","guid":{"rendered":"https:\/\/elminzahhotel.ma\/?page_id=4597"},"modified":"2023-04-27T20:35:05","modified_gmt":"2023-04-27T20:35:05","slug":"attractions","status":"publish","type":"page","link":"https:\/\/elminzahhotel.ma\/fr\/attractions\/","title":{"rendered":"Attractions"},"content":{"rendered":"<div data-elementor-type=\"wp-page\" data-elementor-id=\"4597\" class=\"elementor elementor-4597\">\n\t\t\t\t\t\t\t\t\t<section data-particle_enable=\"false\" data-particle-mobile-disabled=\"false\" class=\"elementor-section elementor-top-section elementor-element elementor-element-d8391de elementor-section-boxed elementor-section-height-default elementor-section-height-default\" data-id=\"d8391de\" data-element_type=\"section\">\n\t\t\t\t\t\t<div class=\"elementor-container elementor-column-gap-default\">\n\t\t\t\t\t<div class=\"elementor-column elementor-col-33 elementor-top-column elementor-element elementor-element-3ec6908\" data-id=\"3ec6908\" data-element_type=\"column\">\n\t\t\t<div class=\"elementor-widget-wrap\">\n\t\t\t\t\t\t\t\t\t<\/div>\n\t\t<\/div>\n\t\t\t\t<div class=\"elementor-column elementor-col-33 elementor-top-column elementor-element elementor-element-72271ff\" data-id=\"72271ff\" data-element_type=\"column\">\n\t\t\t<div class=\"elementor-widget-wrap elementor-element-populated\">\n\t\t\t\t\t\t\t\t<div class=\"elementor-element elementor-element-8b9c751 elementor-widget elementor-widget-heading\" data-id=\"8b9c751\" data-element_type=\"widget\" data-widget_type=\"heading.default\">\n\t\t\t\t<div class=\"elementor-widget-container\">\n\t\t\t<style>\/*! elementor - v3.7.7 - 20-09-2022 *\/\n.elementor-heading-title{padding:0;margin:0;line-height:1}.elementor-widget-heading .elementor-heading-title[class*=elementor-size-]>a{color:inherit;font-size:inherit;line-height:inherit}.elementor-widget-heading .elementor-heading-title.elementor-size-small{font-size:15px}.elementor-widget-heading .elementor-heading-title.elementor-size-medium{font-size:19px}.elementor-widget-heading .elementor-heading-title.elementor-size-large{font-size:29px}.elementor-widget-heading .elementor-heading-title.elementor-size-xl{font-size:39px}.elementor-widget-heading .elementor-heading-title.elementor-size-xxl{font-size:59px}<\/style><h2 class=\"elementor-heading-title elementor-size-default\">Your Gateway to the Best Local Attractions - El Minzah H\u00f4tel <\/h2>\t\t<\/div>\n\t\t\t\t<\/div>\n\t\t\t\t<div class=\"elementor-element elementor-element-0e7cf4c elementor-widget elementor-widget-text-editor\" data-id=\"0e7cf4c\" data-element_type=\"widget\" data-widget_type=\"text-editor.default\">\n\t\t\t\t<div class=\"elementor-widget-container\">\n\t\t\t<style>\/*! elementor - v3.7.7 - 20-09-2022 *\/\n.elementor-widget-text-editor.elementor-drop-cap-view-stacked .elementor-drop-cap{background-color:#818a91;color:#fff}.elementor-widget-text-editor.elementor-drop-cap-view-framed .elementor-drop-cap{color:#818a91;border:3px solid;background-color:transparent}.elementor-widget-text-editor:not(.elementor-drop-cap-view-default) .elementor-drop-cap{margin-top:8px}.elementor-widget-text-editor:not(.elementor-drop-cap-view-default) .elementor-drop-cap-letter{width:1em;height:1em}.elementor-widget-text-editor .elementor-drop-cap{float:left;text-align:center;line-height:1;font-size:50px}.elementor-widget-text-editor .elementor-drop-cap-letter{display:inline-block}<\/style>\t\t\t\t<div class=\"content-heading\">\n<div class=\"description-heading\">\n\nEl Minzah est id\u00e9alement situ\u00e9 \u00e0 proximit\u00e9 d'un large \u00e9ventail d'attractions, entre la vieille et la nouvelle ville, dont beaucoup sont accessibles \u00e0 pied.\n\n<\/div>\n<\/div>\n<div class=\"background-heading\"><\/div>\n<div class=\"button-heading\"><\/div>\t\t\t\t\t\t<\/div>\n\t\t\t\t<\/div>\n\t\t\t\t<div class=\"elementor-element elementor-element-9d239e5 elementor-widget elementor-widget-spacer\" data-id=\"9d239e5\" data-element_type=\"widget\" data-widget_type=\"spacer.default\">\n\t\t\t\t<div class=\"elementor-widget-container\">\n\t\t\t<style>\/*! elementor - v3.7.7 - 20-09-2022 *\/\n.elementor-column .elementor-spacer-inner{height:var(--spacer-size)}.e-container{--container-widget-width:100%}.e-container>.elementor-widget-spacer{width:var(--container-widget-width,var(--spacer-size));-ms-flex-item-align:stretch;align-self:stretch;-ms-flex-negative:0;flex-shrink:0}.e-container>.elementor-widget-spacer>.elementor-widget-container,.e-container>.elementor-widget-spacer>.elementor-widget-container>.elementor-spacer{height:100%}.e-container>.elementor-widget-spacer>.elementor-widget-container>.elementor-spacer>.elementor-spacer-inner{height:var(--container-widget-height,var(--spacer-size))}<\/style>\t\t<div class=\"elementor-spacer\">\n\t\t\t<div class=\"elementor-spacer-inner\"><\/div>\n\t\t<\/div>\n\t\t\t\t<\/div>\n\t\t\t\t<\/div>\n\t\t\t\t\t<\/div>\n\t\t<\/div>\n\t\t\t\t<div class=\"elementor-column elementor-col-33 elementor-top-column elementor-element elementor-element-f59b177\" data-id=\"f59b177\" data-element_type=\"column\">\n\t\t\t<div class=\"elementor-widget-wrap\">\n\t\t\t\t\t\t\t\t\t<\/div>\n\t\t<\/div>\n\t\t\t\t\t\t\t<\/div>\n\t\t<\/section>\n\t\t\t\t<section data-particle_enable=\"false\" data-particle-mobile-disabled=\"false\" class=\"elementor-section elementor-top-section elementor-element elementor-element-4338ab8 elementor-section-boxed elementor-section-height-default elementor-section-height-default\" data-id=\"4338ab8\" data-element_type=\"section\">\n\t\t\t\t\t\t<div class=\"elementor-container elementor-column-gap-default\">\n\t\t\t\t\t<div class=\"elementor-column elementor-col-100 elementor-top-column elementor-element elementor-element-1cc723a\" data-id=\"1cc723a\" data-element_type=\"column\">\n\t\t\t<div class=\"elementor-widget-wrap elementor-element-populated\">\n\t\t\t\t\t\t\t\t<div class=\"elementor-element elementor-element-0d294f4 elementor-widget elementor-widget-thim-gallery\" data-id=\"0d294f4\" data-element_type=\"widget\" data-widget_type=\"thim-gallery.default\">\n\t\t\t\t<div class=\"elementor-widget-container\">\n\t\t\t\t<div class=\"wrapper-filter-controls\">\n\t\t<div class=\"filter-controls\">\n\t\t\t<a class=\"filter active\" data-filter=\"*\" href=\"javascript:;\">All<\/a>\n\t\t\t<a class=\"filter\" href=\"javascript:;\" data-filter=\".filter-gallery-4599\">Attractions<\/a>\t\t<\/div>\n\t<\/div>\n\t<div class=\"wrapper-gallery-filter grid row\" itemscope itemtype=\"http:\/\/schema.org\/ItemList\">\n\t\t<div class=\"item-photo element col-sm-4 filter-gallery-4599\"><div class=\"inner\"><a class=\"fancybox\" data-fancybox-group=\"gallery\" href=\"https:\/\/elminzahhotel.ma\/wp-content\/uploads\/2022\/11\/63235d3dc639ba971a1159c6_EMH_H22_ATTRACTION_1.jpg\"><img decoding=\"async\" src=\"https:\/\/elminzahhotel.ma\/wp-content\/uploads\/2022\/11\/63235d3dc639ba971a1159c6_EMH_H22_ATTRACTION_1-380x300.jpg\" alt= \"Attractions\" title = \"Attractions\" \/><\/a><\/div><\/div><div class=\"item-photo element col-sm-4 filter-gallery-4599\"><div class=\"inner\"><a class=\"fancybox\" data-fancybox-group=\"gallery\" href=\"https:\/\/elminzahhotel.ma\/wp-content\/uploads\/2022\/11\/63235d38f01c21f401005149_EMH_H21_ATTRACTION_1.jpg\"><img decoding=\"async\" src=\"https:\/\/elminzahhotel.ma\/wp-content\/uploads\/2022\/11\/63235d38f01c21f401005149_EMH_H21_ATTRACTION_1-380x300.jpg\" alt= \"Attractions\" title = \"Attractions\" \/><\/a><\/div><\/div><div class=\"item-photo element col-sm-4 filter-gallery-4599\"><div class=\"inner\"><a class=\"fancybox\" data-fancybox-group=\"gallery\" href=\"https:\/\/elminzahhotel.ma\/wp-content\/uploads\/2022\/11\/63387027f7e4a740a778a845_EMH_H20_ATTRACTION_1.jpg\"><img decoding=\"async\" src=\"https:\/\/elminzahhotel.ma\/wp-content\/uploads\/2022\/11\/63387027f7e4a740a778a845_EMH_H20_ATTRACTION_1-380x300.jpg\" alt= \"Attractions\" title = \"Attractions\" \/><\/a><\/div><\/div><div class=\"item-photo element col-sm-4 filter-gallery-4599\"><div class=\"inner\"><a class=\"fancybox\" data-fancybox-group=\"gallery\" href=\"https:\/\/elminzahhotel.ma\/wp-content\/uploads\/2022\/09\/IMG_4995-scaled.jpg\"><img decoding=\"async\" src=\"https:\/\/elminzahhotel.ma\/wp-content\/uploads\/2022\/09\/IMG_4995-scaled-380x310.jpg\" alt= \"Attractions\" title = \"Attractions\" \/><\/a><\/div><\/div><div class=\"item-photo element col-sm-4 filter-gallery-4599\"><div class=\"inner\"><a class=\"fancybox\" data-fancybox-group=\"gallery\" href=\"https:\/\/elminzahhotel.ma\/wp-content\/uploads\/2022\/09\/IMG_4997-scaled.jpg\"><img decoding=\"async\" src=\"https:\/\/elminzahhotel.ma\/wp-content\/uploads\/2022\/09\/IMG_4997-scaled-380x310.jpg\" alt= \"Attractions\" title = \"Attractions\" \/><\/a><\/div><\/div><div class=\"item-photo element col-sm-4 filter-gallery-4599\"><div class=\"inner\"><a class=\"fancybox\" data-fancybox-group=\"gallery\" href=\"https:\/\/elminzahhotel.ma\/wp-content\/uploads\/2023\/01\/46-scaled.jpg\"><img decoding=\"async\" src=\"https:\/\/elminzahhotel.ma\/wp-content\/uploads\/2023\/01\/46-scaled-380x310.jpg\" alt= \"Attractions\" title = \"Attractions\" \/><\/a><\/div><\/div>\t<\/div>\n\t\t<\/div>\n\t\t\t\t<\/div>\n\t\t\t\t\t<\/div>\n\t\t<\/div>\n\t\t\t\t\t\t\t<\/div>\n\t\t<\/section>\n\t\t\t\t\t\t\t<\/div>","protected":false},"excerpt":{"rendered":"<p>El Minzah est id\u00e9alement situ\u00e9 \u00e0 proximit\u00e9 d'un large \u00e9ventail d'attractions, entre la vieille et la nouvelle ville, dont beaucoup sont accessibles \u00e0 pied.<\/p>","protected":false},"author":1,"featured_media":3954,"parent":0,"menu_order":0,"comment_status":"closed","ping_status":"closed","template":"","meta":{"footnotes":""},"class_list":["post-4597","page","type-page","status-publish","has-post-thumbnail","hentry"],"_links":{"self":[{"href":"https:\/\/elminzahhotel.ma\/fr\/wp-json\/wp\/v2\/pages\/4597","targetHints":{"allow":["GET"]}}],"collection":[{"href":"https:\/\/elminzahhotel.ma\/fr\/wp-json\/wp\/v2\/pages"}],"about":[{"href":"https:\/\/elminzahhotel.ma\/fr\/wp-json\/wp\/v2\/types\/page"}],"author":[{"embeddable":true,"href":"https:\/\/elminzahhotel.ma\/fr\/wp-json\/wp\/v2\/users\/1"}],"replies":[{"embeddable":true,"href":"https:\/\/elminzahhotel.ma\/fr\/wp-json\/wp\/v2\/comments?post=4597"}],"version-history":[{"count":24,"href":"https:\/\/elminzahhotel.ma\/fr\/wp-json\/wp\/v2\/pages\/4597\/revisions"}],"predecessor-version":[{"id":5548,"href":"https:\/\/elminzahhotel.ma\/fr\/wp-json\/wp\/v2\/pages\/4597\/revisions\/5548"}],"wp:featuredmedia":[{"embeddable":true,"href":"https:\/\/elminzahhotel.ma\/fr\/wp-json\/wp\/v2\/media\/3954"}],"wp:attachment":[{"href":"https:\/\/elminzahhotel.ma\/fr\/wp-json\/wp\/v2\/media?parent=4597"}],"curies":[{"name":"wp","href":"https:\/\/api.w.org\/{rel}","templated":true}]}}